{"id":535,"date":"2024-12-02T18:57:59","date_gmt":"2024-12-02T17:57:59","guid":{"rendered":"https:\/\/cyklometa.sk\/?page_id=535"},"modified":"2024-12-02T22:57:56","modified_gmt":"2024-12-02T21:57:56","slug":"cyklometa-podujatie-pre-cyklistov-od-cyklistov","status":"publish","type":"page","link":"https:\/\/cyklometa.sk\/","title":{"rendered":"\u010co je to Cyklom\u00e9ta?"},"content":{"rendered":"\n<p class=\"has-small-font-size\">Cyklom\u00e9ta je podujatie, ktor\u00e9 vzniklo v meste Pre\u0161ov, celkom spont\u00e1nne, koncom novembra v roku 2015. Je ur\u010den\u00e9 predov\u0161etk\u00fdm na oslavu v\u0161etk\u00fdch \u013eud\u00ed, ktor\u00ed pou\u017e\u00edvaj\u00fa bicykel na dopravu, alebo rekre\u00e1ciu aj po\u010das zimn\u00fdch mesiacov. M\u00e1 to by\u0165 stretnutie z\u00e1bavn\u00e9 a trocha uleten\u00e9. Cyklom\u00e9ta je ur\u010den\u00e1 v\u0161etk\u00fdm vekov\u00fdm kateg\u00f3ri\u00e1m, a tie dok\u00e1\u017ee oslovi\u0165, aj napriek tomu, \u017ee sa kon\u00e1 6. janu\u00e1ra.<\/p>\n\n\n<div class=\"wp-block-image\">\n<figure class=\"aligncenter size-large\"><img loading=\"lazy\" decoding=\"async\" width=\"1024\" height=\"683\" src=\"https:\/\/cyklometa.sk\/wp-content\/uploads\/2024\/11\/cyklometa2024-107-1024x683.jpg\" alt=\"\" class=\"wp-image-98\" srcset=\"https:\/\/cyklometa.sk\/wp-content\/uploads\/2024\/11\/cyklometa2024-107-1024x683.jpg 1024w, https:\/\/cyklometa.sk\/wp-content\/uploads\/2024\/11\/cyklometa2024-107-300x200.jpg 300w, https:\/\/cyklometa.sk\/wp-content\/uploads\/2024\/11\/cyklometa2024-107-768x512.jpg 768w, https:\/\/cyklometa.sk\/wp-content\/uploads\/2024\/11\/cyklometa2024-107-1536x1024.jpg 1536w, https:\/\/cyklometa.sk\/wp-content\/uploads\/2024\/11\/cyklometa2024-107.jpg 2048w\" sizes=\"auto, (max-width: 1024px) 100vw, 1024px\" \/><figcaption class=\"wp-element-caption\"><em><sup>foto: www.luboskrahulec.sk<\/sup><\/em><\/figcaption><\/figure><\/div>\n\n\n<p><strong>V skratke Cyklom\u00e9ta:<\/strong><\/p>\n\n\n\n<ul class=\"wp-block-list\">\n<li class=\"has-small-font-size\">vyz\u00fdva \u013eud\u00ed na pou\u017e\u00edvanie bicykla po\u010das cel\u00e9ho roka<\/li>\n\n\n\n<li class=\"has-small-font-size\">vyz\u00fdva na potrebu by\u0165 viden\u00fd a by\u0165 osvetlen\u00fd na bicykli pri zn\u00ed\u017eenej vidite\u013enosti<\/li>\n\n\n\n<li class=\"has-small-font-size\">upozor\u0148uje vodi\u010dov na to, \u017ee sa bicykluje po\u010das cel\u00e9ho roka <\/li>\n\n\n\n<li class=\"has-small-font-size\">poukazuje na potrebu pravidelnej zimnej \u00fadr\u017eby cyklociest \/cyklistick\u00fdch p\u00e1sov a \u010fal\u0161\u00edch komunik\u00e1ci\u00ed ur\u010den\u00fdch pre cyklistov<\/li>\n<\/ul>\n\n\n\n<p class=\"has-small-font-size\">Prv\u00e1 Cyklom\u00e9ta sa konala 6. janu\u00e1ra v roku 2016. Ka\u017ed\u00fdm \u010fal\u0161\u00edm rokom cyklistov na tomto podujat\u00ed prib\u00fada, a pripom\u00edname si tak potrebu by\u0165 poriadne osvetlen\u00fd a viden\u00fd na cest\u00e1ch a cyklocest\u00e1ch. Vyz\u00fdvame \u013eud\u00ed a ukazujeme takto cel\u00e9mu svetu, \u017ee bicyklovanie nie je len sez\u00f3nna z\u00e1le\u017eitos\u0165, a \u017ee sa bicyklova\u0165 d\u00e1 aj ke\u010f podmienky nie s\u00fa ide\u00e1lne. Pripom\u00edname tie\u017e potrebu zv\u00fd\u0161enej bezpe\u010dnosti cyklistov-\u010di u\u017e pou\u017eit\u00edm reflexn\u00fdch prvkov a osvetlenia, no taktie\u017e ukazujeme vodi\u010dom automobilov, \u017ee na cest\u00e1ch sme s nimi aj po\u010das zimy. Preto sa sna\u017e\u00edme, po\u010das tohto podujatia, by\u0165 v prem\u00e1vke \u010do najv\u00fdraznej\u0161\u00ed za doprovodu viano\u010dn\u00fdch svetielok, ozd\u00f4b a viano\u010dn\u00fdch masiek. <br><br>V roku 2025 sa budeme te\u0161i\u0165 u\u017e 10-temu podujatiu Cyklom\u00e9ta.<br><\/p>\n\n\n\n<p><\/p>\n","protected":false},"excerpt":{"rendered":"<p>Cyklom\u00e9ta je podujatie, ktor\u00e9 vzniklo v meste Pre\u0161ov, celkom spont\u00e1nne, koncom novembra v roku 2015. Je ur\u010den\u00e9 predov\u0161etk\u00fdm na oslavu v\u0161etk\u00fdch \u013eud\u00ed, ktor\u00ed pou\u017e\u00edvaj\u00fa bicykel na&#46;&#46;&#46;<\/p>\n","protected":false},"author":1,"featured_media":129,"parent":0,"menu_order":0,"comment_status":"closed","ping_status":"closed","template":"","meta":{"_monsterinsights_skip_tracking":false,"_monsterinsights_sitenote_active":false,"_monsterinsights_sitenote_note":"","_monsterinsights_sitenote_category":0,"footnotes":""},"class_list":["post-535","page","type-page","status-publish","has-post-thumbnail","hentry"],"yoast_head":"<!-- This site is optimized with the Yoast SEO plugin v26.6 - https:\/\/yoast.com\/wordpress\/plugins\/seo\/ -->\n<title>\u010co je to Cyklom\u00e9ta? - Cyklom\u00e9ta<\/title>\n<meta name=\"description\" content=\"Cyklom\u00e9ta janu\u00e1rove podujatie pre cyklistov od cyklistov\" \/>\n<meta name=\"robots\" content=\"index, follow, max-snippet:-1, max-image-preview:large, max-video-preview:-1\" \/>\n<link rel=\"canonical\" href=\"https:\/\/cyklometa.sk\/\" \/>\n<meta property=\"og:locale\" content=\"sk_SK\" \/>\n<meta property=\"og:type\" content=\"article\" \/>\n<meta property=\"og:title\" content=\"\u010co je to Cyklom\u00e9ta? - Cyklom\u00e9ta\" \/>\n<meta property=\"og:description\" content=\"Cyklom\u00e9ta janu\u00e1rove podujatie pre cyklistov od cyklistov\" \/>\n<meta property=\"og:url\" content=\"https:\/\/cyklometa.sk\/\" \/>\n<meta property=\"og:site_name\" content=\"Cyklom\u00e9ta\" \/>\n<meta property=\"article:modified_time\" content=\"2024-12-02T21:57:56+00:00\" \/>\n<meta property=\"og:image\" content=\"https:\/\/cyklometa.sk\/wp-content\/uploads\/2024\/11\/cyklometa2024-047.jpg\" \/>\n\t<meta property=\"og:image:width\" content=\"2048\" \/>\n\t<meta property=\"og:image:height\" content=\"1365\" \/>\n\t<meta property=\"og:image:type\" content=\"image\/jpeg\" \/>\n<meta name=\"twitter:card\" content=\"summary_large_image\" \/>\n<meta name=\"twitter:label1\" content=\"Predpokladan\u00fd \u010das \u010d\u00edtania\" \/>\n\t<meta name=\"twitter:data1\" content=\"2 min\u00faty\" \/>\n<script type=\"application\/ld+json\" class=\"yoast-schema-graph\">{\"@context\":\"https:\/\/schema.org\",\"@graph\":[{\"@type\":\"WebPage\",\"@id\":\"https:\/\/cyklometa.sk\/\",\"url\":\"https:\/\/cyklometa.sk\/\",\"name\":\"\u010co je to Cyklom\u00e9ta? - Cyklom\u00e9ta\",\"isPartOf\":{\"@id\":\"https:\/\/cyklometa.sk\/#website\"},\"primaryImageOfPage\":{\"@id\":\"https:\/\/cyklometa.sk\/#primaryimage\"},\"image\":{\"@id\":\"https:\/\/cyklometa.sk\/#primaryimage\"},\"thumbnailUrl\":\"https:\/\/cyklometa.sk\/wp-content\/uploads\/2024\/11\/cyklometa2024-047.jpg\",\"datePublished\":\"2024-12-02T17:57:59+00:00\",\"dateModified\":\"2024-12-02T21:57:56+00:00\",\"description\":\"Cyklom\u00e9ta janu\u00e1rove podujatie pre cyklistov od cyklistov\",\"breadcrumb\":{\"@id\":\"https:\/\/cyklometa.sk\/#breadcrumb\"},\"inLanguage\":\"sk-SK\",\"potentialAction\":[{\"@type\":\"ReadAction\",\"target\":[\"https:\/\/cyklometa.sk\/\"]}]},{\"@type\":\"ImageObject\",\"inLanguage\":\"sk-SK\",\"@id\":\"https:\/\/cyklometa.sk\/#primaryimage\",\"url\":\"https:\/\/cyklometa.sk\/wp-content\/uploads\/2024\/11\/cyklometa2024-047.jpg\",\"contentUrl\":\"https:\/\/cyklometa.sk\/wp-content\/uploads\/2024\/11\/cyklometa2024-047.jpg\",\"width\":2048,\"height\":1365,\"caption\":\"www.luboskrahulec.sk\"},{\"@type\":\"BreadcrumbList\",\"@id\":\"https:\/\/cyklometa.sk\/#breadcrumb\",\"itemListElement\":[{\"@type\":\"ListItem\",\"position\":1,\"name\":\"Home\",\"item\":\"https:\/\/cyklometa.sk\/\"},{\"@type\":\"ListItem\",\"position\":2,\"name\":\"\u010co je to Cyklom\u00e9ta?\"}]},{\"@type\":\"WebSite\",\"@id\":\"https:\/\/cyklometa.sk\/#website\",\"url\":\"https:\/\/cyklometa.sk\/\",\"name\":\"Cyklom\u00e9ta\",\"description\":\"Bezpe\u010dne na bicykli po\u010das cel\u00e9ho roka!\",\"potentialAction\":[{\"@type\":\"SearchAction\",\"target\":{\"@type\":\"EntryPoint\",\"urlTemplate\":\"https:\/\/cyklometa.sk\/?s={search_term_string}\"},\"query-input\":{\"@type\":\"PropertyValueSpecification\",\"valueRequired\":true,\"valueName\":\"search_term_string\"}}],\"inLanguage\":\"sk-SK\"}]}<\/script>\n<!-- \/ Yoast SEO plugin. -->","yoast_head_json":{"title":"\u010co je to Cyklom\u00e9ta? - Cyklom\u00e9ta","description":"Cyklom\u00e9ta janu\u00e1rove podujatie pre cyklistov od cyklistov","robots":{"index":"index","follow":"follow","max-snippet":"max-snippet:-1","max-image-preview":"max-image-preview:large","max-video-preview":"max-video-preview:-1"},"canonical":"https:\/\/cyklometa.sk\/","og_locale":"sk_SK","og_type":"article","og_title":"\u010co je to Cyklom\u00e9ta? - Cyklom\u00e9ta","og_description":"Cyklom\u00e9ta janu\u00e1rove podujatie pre cyklistov od cyklistov","og_url":"https:\/\/cyklometa.sk\/","og_site_name":"Cyklom\u00e9ta","article_modified_time":"2024-12-02T21:57:56+00:00","og_image":[{"width":2048,"height":1365,"url":"https:\/\/cyklometa.sk\/wp-content\/uploads\/2024\/11\/cyklometa2024-047.jpg","type":"image\/jpeg"}],"twitter_card":"summary_large_image","twitter_misc":{"Predpokladan\u00fd \u010das \u010d\u00edtania":"2 min\u00faty"},"schema":{"@context":"https:\/\/schema.org","@graph":[{"@type":"WebPage","@id":"https:\/\/cyklometa.sk\/","url":"https:\/\/cyklometa.sk\/","name":"\u010co je to Cyklom\u00e9ta? - Cyklom\u00e9ta","isPartOf":{"@id":"https:\/\/cyklometa.sk\/#website"},"primaryImageOfPage":{"@id":"https:\/\/cyklometa.sk\/#primaryimage"},"image":{"@id":"https:\/\/cyklometa.sk\/#primaryimage"},"thumbnailUrl":"https:\/\/cyklometa.sk\/wp-content\/uploads\/2024\/11\/cyklometa2024-047.jpg","datePublished":"2024-12-02T17:57:59+00:00","dateModified":"2024-12-02T21:57:56+00:00","description":"Cyklom\u00e9ta janu\u00e1rove podujatie pre cyklistov od cyklistov","breadcrumb":{"@id":"https:\/\/cyklometa.sk\/#breadcrumb"},"inLanguage":"sk-SK","potentialAction":[{"@type":"ReadAction","target":["https:\/\/cyklometa.sk\/"]}]},{"@type":"ImageObject","inLanguage":"sk-SK","@id":"https:\/\/cyklometa.sk\/#primaryimage","url":"https:\/\/cyklometa.sk\/wp-content\/uploads\/2024\/11\/cyklometa2024-047.jpg","contentUrl":"https:\/\/cyklometa.sk\/wp-content\/uploads\/2024\/11\/cyklometa2024-047.jpg","width":2048,"height":1365,"caption":"www.luboskrahulec.sk"},{"@type":"BreadcrumbList","@id":"https:\/\/cyklometa.sk\/#breadcrumb","itemListElement":[{"@type":"ListItem","position":1,"name":"Home","item":"https:\/\/cyklometa.sk\/"},{"@type":"ListItem","position":2,"name":"\u010co je to Cyklom\u00e9ta?"}]},{"@type":"WebSite","@id":"https:\/\/cyklometa.sk\/#website","url":"https:\/\/cyklometa.sk\/","name":"Cyklom\u00e9ta","description":"Bezpe\u010dne na bicykli po\u010das cel\u00e9ho roka!","potentialAction":[{"@type":"SearchAction","target":{"@type":"EntryPoint","urlTemplate":"https:\/\/cyklometa.sk\/?s={search_term_string}"},"query-input":{"@type":"PropertyValueSpecification","valueRequired":true,"valueName":"search_term_string"}}],"inLanguage":"sk-SK"}]}},"_links":{"self":[{"href":"https:\/\/cyklometa.sk\/index.php?rest_route=\/wp\/v2\/pages\/535","targetHints":{"allow":["GET"]}}],"collection":[{"href":"https:\/\/cyklometa.sk\/index.php?rest_route=\/wp\/v2\/pages"}],"about":[{"href":"https:\/\/cyklometa.sk\/index.php?rest_route=\/wp\/v2\/types\/page"}],"author":[{"embeddable":true,"href":"https:\/\/cyklometa.sk\/index.php?rest_route=\/wp\/v2\/users\/1"}],"replies":[{"embeddable":true,"href":"https:\/\/cyklometa.sk\/index.php?rest_route=%2Fwp%2Fv2%2Fcomments&post=535"}],"version-history":[{"count":7,"href":"https:\/\/cyklometa.sk\/index.php?rest_route=\/wp\/v2\/pages\/535\/revisions"}],"predecessor-version":[{"id":663,"href":"https:\/\/cyklometa.sk\/index.php?rest_route=\/wp\/v2\/pages\/535\/revisions\/663"}],"wp:featuredmedia":[{"embeddable":true,"href":"https:\/\/cyklometa.sk\/index.php?rest_route=\/wp\/v2\/media\/129"}],"wp:attachment":[{"href":"https:\/\/cyklometa.sk\/index.php?rest_route=%2Fwp%2Fv2%2Fmedia&parent=535"}],"curies":[{"name":"wp","href":"https:\/\/api.w.org\/{rel}","templated":true}]}}