{"id":595,"date":"2024-12-02T20:06:25","date_gmt":"2024-12-02T19:06:25","guid":{"rendered":"https:\/\/cyklometa.sk\/?page_id=595"},"modified":"2026-01-04T21:25:15","modified_gmt":"2026-01-04T20:25:15","slug":"sponzori-a-partneri","status":"publish","type":"page","link":"https:\/\/cyklometa.sk\/?page_id=595","title":{"rendered":"Partneri"},"content":{"rendered":"\n<p class=\"has-text-align-center has-small-font-size\">Sponzori podujatia Cyklom\u00e9ta<\/p>\n\n\n\n<p class=\"has-text-align-center\"><strong>2026<\/strong><\/p>\n\n\n\n<p class=\"has-text-align-center has-small-font-size\"><a href=\"http:\/\/kostitras.sk\/\">PBS Kostitras o.z.<\/a><br><a href=\"https:\/\/www.bdhs.sk\/\">BDHS- Blikaj\u00faci dychov\u00fd hudobn\u00fd syst\u00e9m<\/a><br><a href=\"https:\/\/skloshop.sk\/\">SkloShop<\/a><br><a href=\"https:\/\/www.presov.sk\/\">Mesto Pre\u0161ov<\/a><br><a href=\"https:\/\/www.regionsaris.sk\/\">Regi\u00f3n \u0160ari\u0161<\/a><br><a href=\"https:\/\/www.bikecentrumpresov.sk\/\">Bikecentrum Pre\u0161ov<\/a><br><a href=\"https:\/\/www.bodynutrition.sk\/?v=41d6ad0761a5\">BodyNutrition<\/a><br><a href=\"https:\/\/www.facebook.com\/dolyssimo\/?locale=sk_SK\">Dolyssimo<\/a><br>POCycling- Martin Kop\u010d\u00edk<br><a href=\"https:\/\/www.facebook.com\/otvorenadielna\/?locale=sk_SK\">Otvoren\u00e1 diel\u0148a o.z.<\/a><br><a href=\"https:\/\/www.facebook.com\/lokalpresov\/?locale=sk_SK\">Lokal<\/a><\/p>\n\n\n\n<p class=\"has-text-align-center\" style=\"font-size:18px\"><strong>2025<\/strong><\/p>\n\n\n\n<p class=\"has-text-align-center has-small-font-size\">V roku 2025 podporili podujatie Cyklom\u00e9ta:<br><br><a href=\"http:\/\/kostitras.sk\/\">PBSKostitras o.z.<\/a><br><a href=\"https:\/\/www.bdhs.sk\/\">BDHS-Blikaj\u00faci Dychov\u00fd Hudobn\u00fd Syst\u00e9m<\/a><br>Jaroslav Janek<br><a href=\"https:\/\/luboskrahulec.sk\/\">Fotograf \u013dubo\u0161 Krahulec<\/a><br><a href=\"https:\/\/kellysbike.com\/sk\/store-Pre%C5%A1ov\">Kellys Bike Company-Pre\u0161ov<\/a><br><a href=\"https:\/\/www.bikecentrumpresov.sk\/\">Bikecentrum Pre\u0161ov<\/a><br><a href=\"https:\/\/www.bodynutrition.sk\/?v=41d6ad0761a5\">BodyNutrition<\/a><br><a href=\"https:\/\/spojkaroastery.com\/\">Spojka Roastery<\/a><br><a href=\"https:\/\/sklokali.sk\/\">SKLOKALI<\/a><br><a href=\"https:\/\/fajnamasaz.sk\/\">Fajna mas\u00e1\u017e<\/a><br>PoCycling<br>Martin Kop\u010d\u00edk<br>Katar\u00edna Kop\u010d\u00edkov\u00e1<br><a href=\"https:\/\/www.regionsaris.sk\/\">\u0160ARI\u0160 pestr\u00fd regi\u00f3n<\/a><br><a href=\"https:\/\/www.facebook.com\/otvorenadielna\/?locale=sk_SK\">Otvoren\u00e1 diel\u0148a o.z.<\/a><br>Em\u00edlia Kop\u010d\u00edkov\u00e1<br><a href=\"https:\/\/www.facebook.com\/p\/ROC-studio-61556130225395\/\">ROC Studio &#8211; Luk\u00e1\u0161 Kri\u017ean<\/a><\/p>\n\n\n\n<p class=\"has-text-align-center\" style=\"font-size:18px\"><strong>2024<\/strong><\/p>\n\n\n\n<p class=\"has-text-align-center has-small-font-size\">V roku 2024 podporili podujatie Cyklom\u00e9ta:<br><br><a href=\"http:\/\/kostitras.sk\/\">PBSKostitras o.z.<\/a><br><a href=\"https:\/\/www.bdhs.sk\/\">BDHS-Blikaj\u00faci Dychov\u00fd Hudobn\u00fd Syst\u00e9m<\/a><br><a href=\"https:\/\/luboskrahulec.sk\/\">Fotograf \u013dubo\u0161 Krahulec<\/a><br><a href=\"https:\/\/www.bikecentrumpresov.sk\/\">Bikecentrum Pre\u0161ov<\/a><br><a href=\"https:\/\/www.bodynutrition.sk\/?v=41d6ad0761a5\">BodyNutrition<\/a><br><a href=\"https:\/\/www.facebook.com\/p\/Adolf-Snehuliak-61552183386495\/?locale=sk_SK\">Adolf Snehuliak<\/a><br><a href=\"https:\/\/cyklocajka.sk\/\">Cyklo\u010dajka<\/a><br>PoCycling<br>Martin Kop\u010d\u00edk<br><a href=\"https:\/\/www.stromoradie.sk\/\">Stromoradie<\/a><\/p>\n\n\n\n<p class=\"has-text-align-center\"><strong>2023<\/strong><\/p>\n\n\n\n<p class=\"has-text-align-center has-small-font-size\">V roku 2023 podporili podujatie Cyklom\u00e9ta:<br><br><a href=\"http:\/\/kostitras.sk\/\">PBSKostitras o.z.<\/a><br><a href=\"https:\/\/luboskrahulec.sk\/\">Fotograf \u013dubo\u0161 Krahulec<\/a><br><a href=\"https:\/\/www.bdhs.sk\/\">BDHS-Blikaj\u00faci Dychov\u00fd Hudobn\u00fd Syst\u00e9m<\/a><br>Martin Kop\u010d\u00edk<\/p>\n\n\n\n<p class=\"has-text-align-center\"><strong>2022<\/strong><\/p>\n\n\n\n<p class=\"has-text-align-center has-small-font-size\">V roku 2022 podporili podujatie Cyklom\u00e9ta:<br><br><a href=\"http:\/\/kostitras.sk\/\">PBSKostitras o.z.<\/a><\/p>\n\n\n\n<p class=\"has-text-align-center\"><strong>2021<\/strong><\/p>\n\n\n\n<p class=\"has-text-align-center has-small-font-size\">V roku 2021 podporili podujatie Cyklom\u00e9ta:<br><br><a href=\"http:\/\/kostitras.sk\/\">PBSKostitras o.z.<\/a><\/p>\n\n\n\n<p class=\"has-text-align-center\"><strong>2020<\/strong><\/p>\n\n\n\n<p class=\"has-text-align-center has-small-font-size\">V roku 2020 podporili podujatie Cyklom\u00e9ta:<br><br><a href=\"http:\/\/kostitras.sk\/\">PBSKostitras o.z.<\/a><br><a href=\"https:\/\/www.bdhs.sk\/\">BDHS-Blikaj\u00faci Dychov\u00fd Hudobn\u00fd Syst\u00e9m<\/a><br><a href=\"https:\/\/www.instagram.com\/monkeylectric\/\">MonkeyLectric &#8211; California<\/a><br><a href=\"https:\/\/luboskrahulec.sk\/\">Fotograf \u013dubo\u0161 Krahulec<\/a><br>Mari\u00e1n Tim\u010d\u00e1k<br><a href=\"https:\/\/www.bikecentrumpresov.sk\/\">Bikecentrum Pre\u0161ov<\/a><br><a href=\"https:\/\/www.poziadavka.sk\/firmy\/detail-profil-18445\/Marek-Blasko---AMB-studio\">AMB \u0161t\u00fadio<\/a><br><a href=\"https:\/\/www.becep.sk\/\">BECEP<\/a><br><a href=\"https:\/\/cyklocajka.sk\/\">Martin \u010cajka a Sylvia \u010cajkov\u00e1<\/a><br><a href=\"http:\/\/www.squeledarceky.sk\/?fbclid=IwZXh0bgNhZW0CMTAAAR0VdFlO33WuG5GvA0FTnLl4JPEsELwhyEe-UYH8SJqNnyBRuiKcbkIICnc_aem_Epo52PcoDcHMqQjSFjB49g\" target=\"_blank\" rel=\"noreferrer noopener\">www.squeledarceky.sk<\/a><br><a href=\"https:\/\/www.facebook.com\/libressopresov\/?locale=sk_SK\">Libresso<\/a><\/p>\n\n\n\n<p class=\"has-text-align-center\"><strong>2019<\/strong><\/p>\n\n\n\n<p class=\"has-text-align-center has-small-font-size\">V roku 2019 podporili podujatie Cyklom\u00e9ta:<br><br><a href=\"http:\/\/kostitras.sk\/\">PBSKostitras o.z.<\/a><br><a href=\"https:\/\/www.bdhs.sk\/\">BDHS-Blikaj\u00faci Dychov\u00fd Hudobn\u00fd Syst\u00e9m<\/a><br><a href=\"https:\/\/www.instagram.com\/monkeylectric\/\">MonkeyLectric- California<\/a><br>Daniel Goli\u00e1\u0161<br>Peter Mikolaj<br>Vladim\u00edr Bla\u0161ko<br><a href=\"https:\/\/www.facebook.com\/bicyklesg.sk\/\">SG Bicykle<\/a><br><a href=\"https:\/\/www.bikecentrumpresov.sk\/\">Bikecentrum Pre\u0161ov<\/a><br><a href=\"https:\/\/www.facebook.com\/starbike.po\/?locale=sk_SK\">StarBike<\/a><br><a href=\"https:\/\/skyradio.sk\/\">SKY Radio<\/a><br><a href=\"https:\/\/a4ka.sk\/\">A4ka<\/a><br>Slovexa<br><a href=\"https:\/\/www.facebook.com\/otvorenadielna\/?locale=sk_SK\">Otvoren\u00e1 Diel\u0148a o.z.<\/a><br><a href=\"https:\/\/odvazneoz.sk\/\">Odv\u00e1\u017eneoz<\/a><br><a href=\"https:\/\/asis.sk\/\">Asis sie\u0165otla\u010d<\/a><br><a href=\"https:\/\/brakon.sk\/\">Brakon<\/a><br><a href=\"https:\/\/ekopolis.sk\/\">Nad\u00e1cia Ekopolis<\/a><br>Opera\u010dn\u00fd program Efekt\u00edvna verejn\u00e1 spr\u00e1va\/ Eur\u00f3pska \u00fania- Eur\u00f3psky soci\u00e1lny fond<br><a href=\"https:\/\/www.facebook.com\/libressopresov\/?locale=sk_SK\">Libresso<\/a><\/p>\n\n\n\n<p class=\"has-text-align-center\"><strong>2018<\/strong><\/p>\n\n\n\n<p class=\"has-text-align-center has-small-font-size\">V roku 2018 podporili podujatie Cyklom\u00e9ta:<br><br><a href=\"http:\/\/kostitras.sk\/\">PBSKostitras o.z.<\/a><br><a href=\"https:\/\/www.bdhs.sk\/\">BDHS-Blikaj\u00faci Dychov\u00fd Hudobn\u00fd Syst\u00e9m<\/a><br><a href=\"https:\/\/www.instagram.com\/monkeylectric\/\">MonkeyLectric- California<\/a><br>Peter Valen\u010din<br><a href=\"https:\/\/www.facebook.com\/tomas.telepak\/?locale=sk_SK\">Tom\u00e1\u0161 Telep\u00e1k<\/a><br><a href=\"https:\/\/www.mtbiker.sk\/\">MTBiker<\/a><br>Tefoco<br><a href=\"https:\/\/www.facebook.com\/bicyklesg.sk\/\">SG Bicykle<\/a><br><a href=\"https:\/\/www.facebook.com\/otvorenadielna\/?locale=sk_SK\">Otvoren\u00e1 Diel\u0148a o.z.<\/a><br><a href=\"https:\/\/asis.sk\/\">Asis- sie\u0165otla\u010d<\/a><br><a href=\"https:\/\/skyradio.sk\/\">Sky radio<\/a><br><a href=\"https:\/\/www.facebook.com\/libressopresov\/?locale=sk_SK\">Libresso<\/a><\/p>\n\n\n\n<p class=\"has-text-align-center\"><strong>2017<\/strong><\/p>\n\n\n\n<p class=\"has-text-align-center has-small-font-size\">V roku 2017 podporili podujatie Cyklom\u00e9ta:<br><br><a href=\"http:\/\/kostitras.sk\/\">PBSKostitras o.z.<\/a><br><a href=\"https:\/\/www.bdhs.sk\/\">BDHS-Blikaj\u00faci Dychov\u00fd Hudobn\u00fd Syst\u00e9m<\/a><br>Peter Valen\u010din<br><a href=\"https:\/\/www.facebook.com\/bicyklesg.sk\/\">SG Bicykle<\/a><br><a href=\"https:\/\/asis.sk\/\">Asis-sie\u0165otla\u010d<\/a><br><a href=\"https:\/\/gulden.sk\/\">Gulden s.r.o.<\/a><br><a href=\"https:\/\/www.facebook.com\/otvorenadielna\/?locale=sk_SK\">Otvoren\u00e1 diel\u0148a, o.z.<\/a><br><a href=\"https:\/\/www.becep.sk\/\">BECEP Ministerstvo Dopravy Slovenskej Republiky<\/a><br><a href=\"https:\/\/www.facebook.com\/libressopresov\/?locale=sk_SK\">Libresso<\/a><\/p>\n\n\n\n<p class=\"has-text-align-center\"><strong>2016<\/strong><\/p>\n\n\n\n<p class=\"has-text-align-center has-small-font-size\">V roku 2016 podporili podujatie Cyklom\u00e9ta:<br><br><a href=\"http:\/\/kostitras.sk\/\">PBSKostitras o.z.<\/a><br><a href=\"https:\/\/www.facebook.com\/bicyklesg.sk\/\">SG Bicykle<\/a><br><a href=\"https:\/\/www.bdhs.sk\/\">BDHS-Blikaj\u00faci Dychov\u00fd Hudobn\u00fd Syst\u00e9m<\/a><br>Peter Valen\u010din<br><a href=\"https:\/\/asis.sk\/\">Asis-sie\u0165otla\u010d<\/a><br>DecoLED<br><a href=\"https:\/\/radia-live.com\/radio-presov\">R\u00e1dio Pre\u0161ov<\/a><br><a href=\"https:\/\/www.facebook.com\/otvorenadielna\/?locale=sk_SK\">Otvoren\u00e1 Diel\u0148a o.z.<\/a><br><a href=\"https:\/\/www.facebook.com\/pedalizacia\">Legendary o.z.<\/a><br><a href=\"https:\/\/www.facebook.com\/lokalpresov\/?locale=sk_SK\">Lokal<\/a><\/p>\n","protected":false},"excerpt":{"rendered":"<p>Sponzori podujatia Cyklom\u00e9ta 2026 PBS Kostitras o.z.BDHS- Blikaj\u00faci dychov\u00fd hudobn\u00fd syst\u00e9mSkloShopMesto Pre\u0161ovRegi\u00f3n \u0160ari\u0161Bikecentrum Pre\u0161ovBodyNutritionDolyssimoPOCycling- Martin Kop\u010d\u00edkOtvoren\u00e1 diel\u0148a o.z.Lokal 2025 V roku 2025 podporili podujatie Cyklom\u00e9ta: PBSKostitras&#46;&#46;&#46;<\/p>\n","protected":false},"author":1,"featured_media":0,"parent":0,"menu_order":0,"comment_status":"closed","ping_status":"closed","template":"","meta":{"_monsterinsights_skip_tracking":false,"_monsterinsights_sitenote_active":false,"_monsterinsights_sitenote_note":"","_monsterinsights_sitenote_category":0,"footnotes":""},"class_list":["post-595","page","type-page","status-publish","hentry"],"yoast_head":"<!-- This site is optimized with the Yoast SEO plugin v26.6 - https:\/\/yoast.com\/wordpress\/plugins\/seo\/ -->\n<title>Partneri - Cyklom\u00e9ta<\/title>\n<meta name=\"description\" content=\"Spoznajte sponzorov, partnerov a dobr\u00fdch \u013eud\u00ed, ktor\u00ed podporuj\u00fa celoro\u010dn\u00e9 bicyklovanie a stoja za organiz\u00e1ciou Cyklom\u00e9ty.\" \/>\n<meta name=\"robots\" content=\"index, follow, max-snippet:-1, max-image-preview:large, max-video-preview:-1\" \/>\n<link rel=\"canonical\" href=\"https:\/\/cyklometa.sk\/?page_id=595\" \/>\n<meta property=\"og:locale\" content=\"sk_SK\" \/>\n<meta property=\"og:type\" content=\"article\" \/>\n<meta property=\"og:title\" content=\"Partneri - Cyklom\u00e9ta\" \/>\n<meta property=\"og:description\" content=\"Spoznajte sponzorov, partnerov a dobr\u00fdch \u013eud\u00ed, ktor\u00ed podporuj\u00fa celoro\u010dn\u00e9 bicyklovanie a stoja za organiz\u00e1ciou Cyklom\u00e9ty.\" \/>\n<meta property=\"og:url\" content=\"https:\/\/cyklometa.sk\/?page_id=595\" \/>\n<meta property=\"og:site_name\" content=\"Cyklom\u00e9ta\" \/>\n<meta property=\"article:modified_time\" content=\"2026-01-04T20:25:15+00:00\" \/>\n<meta name=\"twitter:card\" content=\"summary_large_image\" \/>\n<meta name=\"twitter:label1\" content=\"Predpokladan\u00fd \u010das \u010d\u00edtania\" \/>\n\t<meta name=\"twitter:data1\" content=\"2 min\u00faty\" \/>\n<script type=\"application\/ld+json\" class=\"yoast-schema-graph\">{\"@context\":\"https:\/\/schema.org\",\"@graph\":[{\"@type\":\"WebPage\",\"@id\":\"https:\/\/cyklometa.sk\/?page_id=595\",\"url\":\"https:\/\/cyklometa.sk\/?page_id=595\",\"name\":\"Partneri - Cyklom\u00e9ta\",\"isPartOf\":{\"@id\":\"https:\/\/cyklometa.sk\/#website\"},\"datePublished\":\"2024-12-02T19:06:25+00:00\",\"dateModified\":\"2026-01-04T20:25:15+00:00\",\"description\":\"Spoznajte sponzorov, partnerov a dobr\u00fdch \u013eud\u00ed, ktor\u00ed podporuj\u00fa celoro\u010dn\u00e9 bicyklovanie a stoja za organiz\u00e1ciou Cyklom\u00e9ty.\",\"breadcrumb\":{\"@id\":\"https:\/\/cyklometa.sk\/?page_id=595#breadcrumb\"},\"inLanguage\":\"sk-SK\",\"potentialAction\":[{\"@type\":\"ReadAction\",\"target\":[\"https:\/\/cyklometa.sk\/?page_id=595\"]}]},{\"@type\":\"BreadcrumbList\",\"@id\":\"https:\/\/cyklometa.sk\/?page_id=595#breadcrumb\",\"itemListElement\":[{\"@type\":\"ListItem\",\"position\":1,\"name\":\"Home\",\"item\":\"https:\/\/cyklometa.sk\/\"},{\"@type\":\"ListItem\",\"position\":2,\"name\":\"Partneri\"}]},{\"@type\":\"WebSite\",\"@id\":\"https:\/\/cyklometa.sk\/#website\",\"url\":\"https:\/\/cyklometa.sk\/\",\"name\":\"Cyklom\u00e9ta\",\"description\":\"Bezpe\u010dne na bicykli po\u010das cel\u00e9ho roka!\",\"potentialAction\":[{\"@type\":\"SearchAction\",\"target\":{\"@type\":\"EntryPoint\",\"urlTemplate\":\"https:\/\/cyklometa.sk\/?s={search_term_string}\"},\"query-input\":{\"@type\":\"PropertyValueSpecification\",\"valueRequired\":true,\"valueName\":\"search_term_string\"}}],\"inLanguage\":\"sk-SK\"}]}<\/script>\n<!-- \/ Yoast SEO plugin. -->","yoast_head_json":{"title":"Partneri - Cyklom\u00e9ta","description":"Spoznajte sponzorov, partnerov a dobr\u00fdch \u013eud\u00ed, ktor\u00ed podporuj\u00fa celoro\u010dn\u00e9 bicyklovanie a stoja za organiz\u00e1ciou Cyklom\u00e9ty.","robots":{"index":"index","follow":"follow","max-snippet":"max-snippet:-1","max-image-preview":"max-image-preview:large","max-video-preview":"max-video-preview:-1"},"canonical":"https:\/\/cyklometa.sk\/?page_id=595","og_locale":"sk_SK","og_type":"article","og_title":"Partneri - Cyklom\u00e9ta","og_description":"Spoznajte sponzorov, partnerov a dobr\u00fdch \u013eud\u00ed, ktor\u00ed podporuj\u00fa celoro\u010dn\u00e9 bicyklovanie a stoja za organiz\u00e1ciou Cyklom\u00e9ty.","og_url":"https:\/\/cyklometa.sk\/?page_id=595","og_site_name":"Cyklom\u00e9ta","article_modified_time":"2026-01-04T20:25:15+00:00","twitter_card":"summary_large_image","twitter_misc":{"Predpokladan\u00fd \u010das \u010d\u00edtania":"2 min\u00faty"},"schema":{"@context":"https:\/\/schema.org","@graph":[{"@type":"WebPage","@id":"https:\/\/cyklometa.sk\/?page_id=595","url":"https:\/\/cyklometa.sk\/?page_id=595","name":"Partneri - Cyklom\u00e9ta","isPartOf":{"@id":"https:\/\/cyklometa.sk\/#website"},"datePublished":"2024-12-02T19:06:25+00:00","dateModified":"2026-01-04T20:25:15+00:00","description":"Spoznajte sponzorov, partnerov a dobr\u00fdch \u013eud\u00ed, ktor\u00ed podporuj\u00fa celoro\u010dn\u00e9 bicyklovanie a stoja za organiz\u00e1ciou Cyklom\u00e9ty.","breadcrumb":{"@id":"https:\/\/cyklometa.sk\/?page_id=595#breadcrumb"},"inLanguage":"sk-SK","potentialAction":[{"@type":"ReadAction","target":["https:\/\/cyklometa.sk\/?page_id=595"]}]},{"@type":"BreadcrumbList","@id":"https:\/\/cyklometa.sk\/?page_id=595#breadcrumb","itemListElement":[{"@type":"ListItem","position":1,"name":"Home","item":"https:\/\/cyklometa.sk\/"},{"@type":"ListItem","position":2,"name":"Partneri"}]},{"@type":"WebSite","@id":"https:\/\/cyklometa.sk\/#website","url":"https:\/\/cyklometa.sk\/","name":"Cyklom\u00e9ta","description":"Bezpe\u010dne na bicykli po\u010das cel\u00e9ho roka!","potentialAction":[{"@type":"SearchAction","target":{"@type":"EntryPoint","urlTemplate":"https:\/\/cyklometa.sk\/?s={search_term_string}"},"query-input":{"@type":"PropertyValueSpecification","valueRequired":true,"valueName":"search_term_string"}}],"inLanguage":"sk-SK"}]}},"_links":{"self":[{"href":"https:\/\/cyklometa.sk\/index.php?rest_route=\/wp\/v2\/pages\/595","targetHints":{"allow":["GET"]}}],"collection":[{"href":"https:\/\/cyklometa.sk\/index.php?rest_route=\/wp\/v2\/pages"}],"about":[{"href":"https:\/\/cyklometa.sk\/index.php?rest_route=\/wp\/v2\/types\/page"}],"author":[{"embeddable":true,"href":"https:\/\/cyklometa.sk\/index.php?rest_route=\/wp\/v2\/users\/1"}],"replies":[{"embeddable":true,"href":"https:\/\/cyklometa.sk\/index.php?rest_route=%2Fwp%2Fv2%2Fcomments&post=595"}],"version-history":[{"count":5,"href":"https:\/\/cyklometa.sk\/index.php?rest_route=\/wp\/v2\/pages\/595\/revisions"}],"predecessor-version":[{"id":1086,"href":"https:\/\/cyklometa.sk\/index.php?rest_route=\/wp\/v2\/pages\/595\/revisions\/1086"}],"wp:attachment":[{"href":"https:\/\/cyklometa.sk\/index.php?rest_route=%2Fwp%2Fv2%2Fmedia&parent=595"}],"curies":[{"name":"wp","href":"https:\/\/api.w.org\/{rel}","templated":true}]}}